{"id":2,"date":"2015-01-23T14:07:22","date_gmt":"2015-01-23T14:07:22","guid":{"rendered":"http:\/\/przewodnikwroclaw.pl\/?page_id=2"},"modified":"2020-01-21T22:21:09","modified_gmt":"2020-01-21T21:21:09","slug":"przykladowa-strona","status":"publish","type":"page","link":"https:\/\/przewodnikwroclaw.pl\/?page_id=2","title":{"rendered":"Referencje"},"content":{"rendered":"<p>Zapraszamy do przejrzenia referencji wystawionych nam przez naszych klient\u00f3w:<\/p>\n<div style=\"float: left; margin-top: 10px; margin-left: 13px; width: 120px; font-size: 10pt; background: #ECCE9B; height: 210px; padding: 10px;\">\n<p><a href=\"http:\/\/przewodnikwroclaw.pl\/wp-content\/uploads\/2015\/01\/referencje-1.pdf\" target=\"_blank\"><img decoding=\"async\" loading=\"lazy\" class=\"wp-image-53 size-thumbnail\" src=\"http:\/\/przewodnikwroclaw.pl\/wp-content\/uploads\/2015\/01\/pdf-150x150.png\" alt=\"pdf\" width=\"110\" height=\"110\" srcset=\"https:\/\/przewodnikwroclaw.pl\/wp-content\/uploads\/2015\/01\/pdf-150x150.png 150w, https:\/\/przewodnikwroclaw.pl\/wp-content\/uploads\/2015\/01\/pdf-297x300.png 297w, https:\/\/przewodnikwroclaw.pl\/wp-content\/uploads\/2015\/01\/pdf.png 507w\" sizes=\"(max-width: 110px) 100vw, 110px\" \/><\/a> Biuro Podr\u00f3\u017cy\u00a0 Odyseusz<\/p>\n<\/div>\n<div style=\"float: left; margin-top: 10px; margin-left: 13px; width: 120px; font-size: 10pt; background: #ECCE9B; height: 210px; padding: 10px;\">\n<p><a href=\"http:\/\/przewodnikwroclaw.pl\/wp-content\/uploads\/2015\/01\/referencje-2.pdf\" target=\"_blank\"><img decoding=\"async\" loading=\"lazy\" class=\"wp-image-53 size-thumbnail\" src=\"http:\/\/przewodnikwroclaw.pl\/wp-content\/uploads\/2015\/01\/pdf-150x150.png\" alt=\"pdf\" width=\"110\" height=\"110\" srcset=\"https:\/\/przewodnikwroclaw.pl\/wp-content\/uploads\/2015\/01\/pdf-150x150.png 150w, https:\/\/przewodnikwroclaw.pl\/wp-content\/uploads\/2015\/01\/pdf-297x300.png 297w, https:\/\/przewodnikwroclaw.pl\/wp-content\/uploads\/2015\/01\/pdf.png 507w\" sizes=\"(max-width: 110px) 100vw, 110px\" \/><\/a> Szko\u0142a Podstawowa Sierakowice<\/p>\n<\/div>\n<div style=\"float: left; margin-top: 10px; margin-left: 13px; width: 120px; font-size: 10pt; background: #ECCE9B; height: 210px; padding: 10px;\">\n<p><a href=\"http:\/\/przewodnikwroclaw.pl\/wp-content\/uploads\/2015\/01\/referencje-3.pdf\" target=\"_blank\"><img decoding=\"async\" loading=\"lazy\" class=\"wp-image-53 size-thumbnail\" src=\"http:\/\/przewodnikwroclaw.pl\/wp-content\/uploads\/2015\/01\/pdf-150x150.png\" alt=\"pdf\" width=\"110\" height=\"110\" srcset=\"https:\/\/przewodnikwroclaw.pl\/wp-content\/uploads\/2015\/01\/pdf-150x150.png 150w, https:\/\/przewodnikwroclaw.pl\/wp-content\/uploads\/2015\/01\/pdf-297x300.png 297w, https:\/\/przewodnikwroclaw.pl\/wp-content\/uploads\/2015\/01\/pdf.png 507w\" sizes=\"(max-width: 110px) 100vw, 110px\" \/><\/a> Biuro Turystyczne Bakar<\/p>\n<\/div>\n<div style=\"float: left; margin-top: 10px; margin-left: 13px; width: 120px; font-size: 10pt; background: #ECCE9B; height: 210px; padding: 10px;\">\n<p><a href=\"http:\/\/przewodnikwroclaw.pl\/wp-content\/uploads\/2015\/01\/referencje-4.pdf\" target=\"_blank\"><img decoding=\"async\" loading=\"lazy\" class=\"wp-image-53 size-thumbnail\" src=\"http:\/\/przewodnikwroclaw.pl\/wp-content\/uploads\/2015\/01\/pdf-150x150.png\" alt=\"pdf\" width=\"110\" height=\"110\" srcset=\"https:\/\/przewodnikwroclaw.pl\/wp-content\/uploads\/2015\/01\/pdf-150x150.png 150w, https:\/\/przewodnikwroclaw.pl\/wp-content\/uploads\/2015\/01\/pdf-297x300.png 297w, https:\/\/przewodnikwroclaw.pl\/wp-content\/uploads\/2015\/01\/pdf.png 507w\" sizes=\"(max-width: 110px) 100vw, 110px\" \/><\/a> Biuro Turystyczne Fukowski Travel<\/p>\n<\/div>\n<div style=\"float: left; margin-top: 10px; margin-left: 13px; width: 120px; font-size: 10pt; background: #ECCE9B; height: 210px; padding: 10px;\">\n<p><a href=\"http:\/\/przewodnikwroclaw.pl\/wp-content\/uploads\/2015\/01\/referencje-5.pdf\" target=\"_blank\"><img decoding=\"async\" loading=\"lazy\" class=\"wp-image-53 size-thumbnail\" src=\"http:\/\/przewodnikwroclaw.pl\/wp-content\/uploads\/2015\/01\/pdf-150x150.png\" alt=\"pdf\" width=\"110\" height=\"110\" srcset=\"https:\/\/przewodnikwroclaw.pl\/wp-content\/uploads\/2015\/01\/pdf-150x150.png 150w, https:\/\/przewodnikwroclaw.pl\/wp-content\/uploads\/2015\/01\/pdf-297x300.png 297w, https:\/\/przewodnikwroclaw.pl\/wp-content\/uploads\/2015\/01\/pdf.png 507w\" sizes=\"(max-width: 110px) 100vw, 110px\" \/><\/a> Zesp\u00f3\u0142 Szk\u00f3\u0142 Miejskich Nr1 Mszana Dolna<\/p>\n<\/div>\n","protected":false},"excerpt":{"rendered":"<p>Zapraszamy do przejrzenia referencji wystawionych nam przez naszych klient\u00f3w: Biuro Podr\u00f3\u017cy\u00a0 Odyseusz Szko\u0142a Podstawowa Sierakowice Biuro Turystyczne Bakar Biuro Turystyczne Fukowski Travel Zesp\u00f3\u0142 Szk\u00f3\u0142 Miejskich Nr1 Mszana Dolna<\/p>\n","protected":false},"author":1,"featured_media":0,"parent":0,"menu_order":20,"comment_status":"closed","ping_status":"closed","template":"","meta":[],"_links":{"self":[{"href":"https:\/\/przewodnikwroclaw.pl\/index.php?rest_route=\/wp\/v2\/pages\/2"}],"collection":[{"href":"https:\/\/przewodnikwroclaw.pl\/index.php?rest_route=\/wp\/v2\/pages"}],"about":[{"href":"https:\/\/przewodnikwroclaw.pl\/index.php?rest_route=\/wp\/v2\/types\/page"}],"author":[{"embeddable":true,"href":"https:\/\/przewodnikwroclaw.pl\/index.php?rest_route=\/wp\/v2\/users\/1"}],"replies":[{"embeddable":true,"href":"https:\/\/przewodnikwroclaw.pl\/index.php?rest_route=%2Fwp%2Fv2%2Fcomments&post=2"}],"version-history":[{"count":34,"href":"https:\/\/przewodnikwroclaw.pl\/index.php?rest_route=\/wp\/v2\/pages\/2\/revisions"}],"predecessor-version":[{"id":379,"href":"https:\/\/przewodnikwroclaw.pl\/index.php?rest_route=\/wp\/v2\/pages\/2\/revisions\/379"}],"wp:attachment":[{"href":"https:\/\/przewodnikwroclaw.pl\/index.php?rest_route=%2Fwp%2Fv2%2Fmedia&parent=2"}],"curies":[{"name":"wp","href":"https:\/\/api.w.org\/{rel}","templated":true}]}}